{"id":91,"date":"2021-12-02T12:51:49","date_gmt":"2021-12-02T11:51:49","guid":{"rendered":"http:\/\/lefoindescurieux.fr\/?page_id=91"},"modified":"2026-03-03T15:58:31","modified_gmt":"2026-03-03T14:58:31","slug":"commande-colis-viande-charolaise-oudon","status":"publish","type":"page","link":"https:\/\/lefoindescurieux.fr\/?page_id=91","title":{"rendered":"Vente Directe &#8211; Colis"},"content":{"rendered":"\n<p class=\"has-text-align-right\">\u00ab\u00a0La viande que je vous propose est de race Charolaise, au sein d&rsquo;une exploitation tenue dans une d\u00e9marche responsable, respectueuse de l&rsquo;environnement et de l&rsquo;animal.  J&rsquo;ai \u00e0 c\u0153ur la qualit\u00e9, l&rsquo;authenticit\u00e9 et la simplicit\u00e9.\u00a0\u00bb<br>Brice<\/p>\n\n\n\n<p>Je vous propose des colisages de viande Charolaise \u00e0 fr\u00e9quence d&rsquo;une fois tous les deux mois. <\/p>\n\n\n\n<p>Les colis sont de 7 ou 10 kg <\/p>\n\n\n\n<p>Il est aussi possible (une \u00e0 deux fois par an) de commander du veau en colis de 7 kg.<br><\/p>\n\n\n\n<p>Le tarif s&rsquo;applique en fonction du format que vous r\u00e9serv\u00e9.<\/p>\n\n\n\n<p><\/p>\n\n\n\n<p>En effet, vous retrouverez six types de colis diff\u00e9rents<\/p>\n\n\n\n<p><strong>Le Tradition &#8211; 14\u20ac50\/Kg &#8211; seulement en 10Kg<\/strong><\/p>\n\n\n\n<p><strong>Base commune<\/strong> premi\u00e8re cat\u00e9gorie* + 2\u00e9me cat\u00e9gorie Brute (plusieurs morceaux bourguignons, plusieurs morceaux pot-au-feu)<\/p>\n\n\n\n<p><strong>Le Classique &#8211; 16\u20ac00\/Kg &#8211; Disponible en 7 ou 10 Kg<\/strong><\/p>\n\n\n\n<p><strong><strong>Base commune<\/strong> <\/strong>premi\u00e8re cat\u00e9gorie<strong>*<\/strong> + 2\u00e9me cat\u00e9gorie semi-transform\u00e9 (plusieurs steaks hach\u00e9s, un ou deux morceaux bourguignons, un ou deux morceaux pot- au-feu)<\/p>\n\n\n\n<p><strong>Le Hach\u00e9 &#8211; 18\u20ac00\/Kg &#8211;  seulement en format 10 Kg<\/strong><\/p>\n\n\n\n<p><strong><strong><strong>Base commune<\/strong> <\/strong><\/strong>premi\u00e8re cat\u00e9gorie* + 2\u00e9me cat\u00e9gorie transform\u00e9 (plusieurs steaks hach\u00e9s pas de bourguignons\/pas de pot-au feu)<\/p>\n\n\n\n<p><strong>L&rsquo;\u00c9t\u00e9 &#8211; 18\u20ac00\/Kg &#8211; seulement en format 10 Kg<\/strong><\/p>\n\n\n\n<p><strong><strong>Base commune<\/strong> <\/strong>premi\u00e8re cat\u00e9gorie<strong>*<\/strong> + 2\u00e9me cat\u00e9gorie transform\u00e9 (steaks hach\u00e9s, grosse saucisses, farces, cheveux d&rsquo;anges)<\/p>\n\n\n\n<p><strong>\u00ab\u00a0ET SKI\u00a0\u00bb (exquis) &#8211; 20\u20ac\/Kg &#8211; seulement en format 7 Kg &#8211;<\/strong><\/p>\n\n\n\n<p><strong><strong><strong><strong>Base commune<\/strong> <\/strong>premi\u00e8re cat\u00e9gorie<\/strong><\/strong> * plus compl\u00e8te &#8211; pas ou peu de morceau de 2\u00e9me cat\u00e9gorie. Exclusivement les morceaux noble : c\u00f4te ou fondue ou pav\u00e9 de filets, un r\u00f4ti, faux-filet(s), entrec\u00f4te(s), bavette(s), plusieurs steaks 1\u00e8re cat\u00e9gorie.<\/p>\n\n\n\n<p><strong><strong><strong>Base commune<\/strong> <\/strong>premi\u00e8re cat\u00e9gorie<strong>*<\/strong><\/strong><\/p>\n\n\n\n<ul class=\"wp-block-list\">\n<li>une c\u00f4te ou une pi\u00e8ce \u00e0 fondue (colis de 10 Kg) ou pav\u00e9 de filets\/viande \u00e0 brochettes (colis 7 Kg)<\/li>\n\n\n\n<li>un r\u00f4ti<\/li>\n\n\n\n<li>un faux-filet<\/li>\n\n\n\n<li>une entrec\u00f4te<\/li>\n\n\n\n<li>une bavette<\/li>\n\n\n\n<li>plusieurs steaks 1\u00e8re et 2\u00e8me cat\u00e9gorie (macreuse et g\u00eete)<\/li>\n<\/ul>\n\n\n\n<p><strong>Veau &#8211; 20\u20ac Kg &#8211; seulement en 7 Kg<\/strong><\/p>\n\n\n\n<p>&#8211; Roti cocottes<br>&#8211; Roti Noix<br>&#8211; Pav\u00e9 filet<br>&#8211; Osso bucco<br>&#8211; Blanquette sans os<br>&#8211; Paupiettes<\/p>\n\n\n\n<p><a href=\"https:\/\/kampoy.com\/market\/Grdb0rC3WZNFN6Up5z7r\"><strong>PROCHAINE VENTE \u00c0 LA FERME le 10 et 11 <\/strong>avril 2026 &#8211; Cliquer ici pour r\u00e9serve<\/a><a href=\"https:\/\/kampoy.com\/market\/Grdb0rC3WZNFN6Up5z7r\/1710513000000_1710525600000\">r<\/a><\/p>\n\n\n\n<figure class=\"wp-block-gallery has-nested-images columns-default is-cropped wp-block-gallery-1 is-layout-flex wp-block-gallery-is-layout-flex\">\n<figure class=\"wp-block-image size-large\"><img loading=\"lazy\" decoding=\"async\" width=\"386\" height=\"387\" data-id=\"190\" src=\"https:\/\/lefoindescurieux.fr\/wp-content\/uploads\/2025\/09\/QRCODEVENTEOCTOBRE205.png\" alt=\"\" class=\"wp-image-190\" srcset=\"https:\/\/lefoindescurieux.fr\/wp-content\/uploads\/2025\/09\/QRCODEVENTEOCTOBRE205.png 386w, https:\/\/lefoindescurieux.fr\/wp-content\/uploads\/2025\/09\/QRCODEVENTEOCTOBRE205-300x300.png 300w, https:\/\/lefoindescurieux.fr\/wp-content\/uploads\/2025\/09\/QRCODEVENTEOCTOBRE205-150x150.png 150w, https:\/\/lefoindescurieux.fr\/wp-content\/uploads\/2025\/09\/QRCODEVENTEOCTOBRE205-370x370.png 370w, https:\/\/lefoindescurieux.fr\/wp-content\/uploads\/2025\/09\/QRCODEVENTEOCTOBRE205-60x60.png 60w, https:\/\/lefoindescurieux.fr\/wp-content\/uploads\/2025\/09\/QRCODEVENTEOCTOBRE205-100x100.png 100w\" sizes=\"auto, (max-width: 386px) 100vw, 386px\" \/><\/figure>\n<\/figure>\n\n\n\n<p><\/p>\n","protected":false},"excerpt":{"rendered":"<p>\u00ab\u00a0La viande que je vous propose est de race Charolaise, au sein d&rsquo;une exploitation tenue dans une d\u00e9marche responsable, respectueuse de l&rsquo;environnement et de l&rsquo;animal. J&rsquo;ai \u00e0 c\u0153ur la qualit\u00e9, l&rsquo;authenticit\u00e9 et la simplicit\u00e9.\u00a0\u00bbBrice Je vous propose des colisages de viande Charolaise \u00e0 fr\u00e9quence d&rsquo;une fois tous les deux mois. Les colis sont de 7 &hellip; <\/p>\n","protected":false},"author":1,"featured_media":0,"parent":0,"menu_order":0,"comment_status":"closed","ping_status":"closed","template":"","meta":{"_monsterinsights_skip_tracking":false,"_monsterinsights_sitenote_active":false,"_monsterinsights_sitenote_note":"","_monsterinsights_sitenote_category":0,"footnotes":""},"class_list":["post-91","page","type-page","status-publish","hentry"],"yoast_head":"<!-- This site is optimized with the Yoast SEO plugin v22.6 - https:\/\/yoast.com\/wordpress\/plugins\/seo\/ -->\n<title>Vente Directe - Colis -<\/title>\n<meta name=\"robots\" content=\"index, follow, max-snippet:-1, max-image-preview:large, max-video-preview:-1\" \/>\n<link rel=\"canonical\" href=\"https:\/\/lefoindescurieux.fr\/?page_id=91\" \/>\n<meta property=\"og:locale\" content=\"fr_FR\" \/>\n<meta property=\"og:type\" content=\"article\" \/>\n<meta property=\"og:title\" content=\"Vente Directe - Colis -\" \/>\n<meta property=\"og:description\" content=\"\u00ab\u00a0La viande que je vous propose est de race Charolaise, au sein d&rsquo;une exploitation tenue dans une d\u00e9marche responsable, respectueuse de l&rsquo;environnement et de l&rsquo;animal. J&rsquo;ai \u00e0 c\u0153ur la qualit\u00e9, l&rsquo;authenticit\u00e9 et la simplicit\u00e9.\u00a0\u00bbBrice Je vous propose des colisages de viande Charolaise \u00e0 fr\u00e9quence d&rsquo;une fois tous les deux mois. Les colis sont de 7 &hellip;\" \/>\n<meta property=\"og:url\" content=\"https:\/\/lefoindescurieux.fr\/?page_id=91\" \/>\n<meta property=\"article:modified_time\" content=\"2026-03-03T14:58:31+00:00\" \/>\n<meta property=\"og:image\" content=\"https:\/\/lefoindescurieux.fr\/wp-content\/uploads\/2025\/09\/QRCODEVENTEOCTOBRE205.png\" \/>\n<meta name=\"twitter:card\" content=\"summary_large_image\" \/>\n<meta name=\"twitter:label1\" content=\"Dur\u00e9e de lecture estim\u00e9e\" \/>\n\t<meta name=\"twitter:data1\" content=\"2 minutes\" \/>\n<script type=\"application\/ld+json\" class=\"yoast-schema-graph\">{\"@context\":\"https:\/\/schema.org\",\"@graph\":[{\"@type\":\"WebPage\",\"@id\":\"https:\/\/lefoindescurieux.fr\/?page_id=91\",\"url\":\"https:\/\/lefoindescurieux.fr\/?page_id=91\",\"name\":\"Vente Directe - Colis -\",\"isPartOf\":{\"@id\":\"https:\/\/lefoindescurieux.fr\/#website\"},\"primaryImageOfPage\":{\"@id\":\"https:\/\/lefoindescurieux.fr\/?page_id=91#primaryimage\"},\"image\":{\"@id\":\"https:\/\/lefoindescurieux.fr\/?page_id=91#primaryimage\"},\"thumbnailUrl\":\"https:\/\/lefoindescurieux.fr\/wp-content\/uploads\/2025\/09\/QRCODEVENTEOCTOBRE205.png\",\"datePublished\":\"2021-12-02T11:51:49+00:00\",\"dateModified\":\"2026-03-03T14:58:31+00:00\",\"breadcrumb\":{\"@id\":\"https:\/\/lefoindescurieux.fr\/?page_id=91#breadcrumb\"},\"inLanguage\":\"fr-FR\",\"potentialAction\":[{\"@type\":\"ReadAction\",\"target\":[\"https:\/\/lefoindescurieux.fr\/?page_id=91\"]}]},{\"@type\":\"ImageObject\",\"inLanguage\":\"fr-FR\",\"@id\":\"https:\/\/lefoindescurieux.fr\/?page_id=91#primaryimage\",\"url\":\"https:\/\/lefoindescurieux.fr\/wp-content\/uploads\/2025\/09\/QRCODEVENTEOCTOBRE205.png\",\"contentUrl\":\"https:\/\/lefoindescurieux.fr\/wp-content\/uploads\/2025\/09\/QRCODEVENTEOCTOBRE205.png\",\"width\":386,\"height\":387},{\"@type\":\"BreadcrumbList\",\"@id\":\"https:\/\/lefoindescurieux.fr\/?page_id=91#breadcrumb\",\"itemListElement\":[{\"@type\":\"ListItem\",\"position\":1,\"name\":\"Accueil\",\"item\":\"https:\/\/lefoindescurieux.fr\/\"},{\"@type\":\"ListItem\",\"position\":2,\"name\":\"Vente Directe &#8211; Colis\"}]},{\"@type\":\"WebSite\",\"@id\":\"https:\/\/lefoindescurieux.fr\/#website\",\"url\":\"https:\/\/lefoindescurieux.fr\/\",\"name\":\"\",\"description\":\"\",\"potentialAction\":[{\"@type\":\"SearchAction\",\"target\":{\"@type\":\"EntryPoint\",\"urlTemplate\":\"https:\/\/lefoindescurieux.fr\/?s={search_term_string}\"},\"query-input\":\"required name=search_term_string\"}],\"inLanguage\":\"fr-FR\"}]}<\/script>\n<!-- \/ Yoast SEO plugin. -->","yoast_head_json":{"title":"Vente Directe - Colis -","robots":{"index":"index","follow":"follow","max-snippet":"max-snippet:-1","max-image-preview":"max-image-preview:large","max-video-preview":"max-video-preview:-1"},"canonical":"https:\/\/lefoindescurieux.fr\/?page_id=91","og_locale":"fr_FR","og_type":"article","og_title":"Vente Directe - Colis -","og_description":"\u00ab\u00a0La viande que je vous propose est de race Charolaise, au sein d&rsquo;une exploitation tenue dans une d\u00e9marche responsable, respectueuse de l&rsquo;environnement et de l&rsquo;animal. J&rsquo;ai \u00e0 c\u0153ur la qualit\u00e9, l&rsquo;authenticit\u00e9 et la simplicit\u00e9.\u00a0\u00bbBrice Je vous propose des colisages de viande Charolaise \u00e0 fr\u00e9quence d&rsquo;une fois tous les deux mois. Les colis sont de 7 &hellip;","og_url":"https:\/\/lefoindescurieux.fr\/?page_id=91","article_modified_time":"2026-03-03T14:58:31+00:00","og_image":[{"url":"https:\/\/lefoindescurieux.fr\/wp-content\/uploads\/2025\/09\/QRCODEVENTEOCTOBRE205.png"}],"twitter_card":"summary_large_image","twitter_misc":{"Dur\u00e9e de lecture estim\u00e9e":"2 minutes"},"schema":{"@context":"https:\/\/schema.org","@graph":[{"@type":"WebPage","@id":"https:\/\/lefoindescurieux.fr\/?page_id=91","url":"https:\/\/lefoindescurieux.fr\/?page_id=91","name":"Vente Directe - Colis -","isPartOf":{"@id":"https:\/\/lefoindescurieux.fr\/#website"},"primaryImageOfPage":{"@id":"https:\/\/lefoindescurieux.fr\/?page_id=91#primaryimage"},"image":{"@id":"https:\/\/lefoindescurieux.fr\/?page_id=91#primaryimage"},"thumbnailUrl":"https:\/\/lefoindescurieux.fr\/wp-content\/uploads\/2025\/09\/QRCODEVENTEOCTOBRE205.png","datePublished":"2021-12-02T11:51:49+00:00","dateModified":"2026-03-03T14:58:31+00:00","breadcrumb":{"@id":"https:\/\/lefoindescurieux.fr\/?page_id=91#breadcrumb"},"inLanguage":"fr-FR","potentialAction":[{"@type":"ReadAction","target":["https:\/\/lefoindescurieux.fr\/?page_id=91"]}]},{"@type":"ImageObject","inLanguage":"fr-FR","@id":"https:\/\/lefoindescurieux.fr\/?page_id=91#primaryimage","url":"https:\/\/lefoindescurieux.fr\/wp-content\/uploads\/2025\/09\/QRCODEVENTEOCTOBRE205.png","contentUrl":"https:\/\/lefoindescurieux.fr\/wp-content\/uploads\/2025\/09\/QRCODEVENTEOCTOBRE205.png","width":386,"height":387},{"@type":"BreadcrumbList","@id":"https:\/\/lefoindescurieux.fr\/?page_id=91#breadcrumb","itemListElement":[{"@type":"ListItem","position":1,"name":"Accueil","item":"https:\/\/lefoindescurieux.fr\/"},{"@type":"ListItem","position":2,"name":"Vente Directe &#8211; Colis"}]},{"@type":"WebSite","@id":"https:\/\/lefoindescurieux.fr\/#website","url":"https:\/\/lefoindescurieux.fr\/","name":"","description":"","potentialAction":[{"@type":"SearchAction","target":{"@type":"EntryPoint","urlTemplate":"https:\/\/lefoindescurieux.fr\/?s={search_term_string}"},"query-input":"required name=search_term_string"}],"inLanguage":"fr-FR"}]}},"_links":{"self":[{"href":"https:\/\/lefoindescurieux.fr\/index.php?rest_route=\/wp\/v2\/pages\/91","targetHints":{"allow":["GET"]}}],"collection":[{"href":"https:\/\/lefoindescurieux.fr\/index.php?rest_route=\/wp\/v2\/pages"}],"about":[{"href":"https:\/\/lefoindescurieux.fr\/index.php?rest_route=\/wp\/v2\/types\/page"}],"author":[{"embeddable":true,"href":"https:\/\/lefoindescurieux.fr\/index.php?rest_route=\/wp\/v2\/users\/1"}],"replies":[{"embeddable":true,"href":"https:\/\/lefoindescurieux.fr\/index.php?rest_route=%2Fwp%2Fv2%2Fcomments&post=91"}],"version-history":[{"count":32,"href":"https:\/\/lefoindescurieux.fr\/index.php?rest_route=\/wp\/v2\/pages\/91\/revisions"}],"predecessor-version":[{"id":195,"href":"https:\/\/lefoindescurieux.fr\/index.php?rest_route=\/wp\/v2\/pages\/91\/revisions\/195"}],"wp:attachment":[{"href":"https:\/\/lefoindescurieux.fr\/index.php?rest_route=%2Fwp%2Fv2%2Fmedia&parent=91"}],"curies":[{"name":"wp","href":"https:\/\/api.w.org\/{rel}","templated":true}]}}